{"id":158,"date":"2026-03-08T15:34:35","date_gmt":"2026-03-08T15:34:35","guid":{"rendered":"https:\/\/omisallergies.com\/?page_id=158"},"modified":"2026-04-04T16:43:15","modified_gmt":"2026-04-04T16:43:15","slug":"french","status":"publish","type":"page","link":"https:\/\/omisallergies.com\/?page_id=158","title":{"rendered":"French"},"content":{"rendered":"<div class=\"brz brz-root__container brz-reset-all brz-root__container-page\" >\n<section id=\"ya1N0iTNT68r_ya1N0iTNT68r\" class=\"brz-section brz-css-d-section brz-css-cst5t\">\n<div class=\"brz-section__content brz-section--boxed brz-css-d-sectionitem-bg brz-css-1gi78h9\" data-brz-custom-id=\"ioB6TcIn5vrG\">\n<div class=\"brz-container brz-css-d-sectionitem-container brz-css-gh1ca8\">\n<div class=\"brz-row__container brz-css-d-row-row brz-css-argzdy\" data-brz-custom-id=\"x3_oBSawmmlP\">\n<div class=\"brz-row brz-css-d-row-container brz-css-r-row-container brz-css-1xqcgud\">\n<div class=\"brz-columns brz-css-d-column-column brz-css-18eftxd\" data-brz-custom-id=\"ck4sgmjj4fEx\">\n<div class=\"brz-column__items brz-css-d-column-bg brz-css-1xlsoac\">\n<div id=\"\" class=\"brz-css-d-wrapper brz-css-1hs0ike brz-wrapper\">\n<div class=\"brz-rich-text brz-rich-text__custom brz-css-d-richtext brz-css-66yilf\" data-brz-custom-id=\"ynkq13RvYYgX\">\n<div data-brz-translate-text=\"1\">\n<p class=\"brz-fsft-lg-0 brz-fwdth-lg-100 brz-vfw-lg-400 brz-lh-lg-1_3 brz-ls-lg-m_1 brz-fw-lg-400 brz-fss-lg-px brz-fs-lg-30 brz-ft-google brz-ff-lexend_deca brz-tp-lg-empty brz-css-ypgXH\" data-generated-css=\"brz-css-ocdvu\" data-uniq-id=\"b8Z2Z\">Je suis <span style=\"color: rgb(255, 0, 0);\">extr\u00eamement<\/span> allergique \u00e0 (\u00e0 \u00e9viter \u00e0 tout moment \/ strictement) :<\/p>\n<ul>\n<li class=\"brz-fsft-lg-0 brz-fwdth-lg-100 brz-vfw-lg-400 brz-lh-lg-1_3 brz-ls-lg-m_1 brz-fw-lg-400 brz-fss-lg-px brz-fs-lg-30 brz-ft-google brz-ff-lexend_deca brz-tp-lg-empty brz-css-dFPh0\" data-generated-css=\"brz-css-pI3d_\" data-uniq-id=\"lXNh9\">Arachides (huile de s\u00e9same \/ frit dans l&#8217;huile d&#8217;arachide est OK)<\/li>\n<li class=\"brz-fsft-lg-0 brz-fwdth-lg-100 brz-vfw-lg-400 brz-lh-lg-1_3 brz-ls-lg-m_1 brz-fw-lg-400 brz-fss-lg-px brz-fs-lg-30 brz-ft-google brz-ff-lexend_deca brz-tp-lg-empty brz-css-xVhu4\" data-generated-css=\"brz-css-z7cgo\" data-uniq-id=\"hPD16\">Crustac\u00e9s (crevettes, homard, etc.)<\/li>\n<li class=\"brz-fsft-lg-0 brz-fwdth-lg-100 brz-vfw-lg-400 brz-lh-lg-1_3 brz-ls-lg-m_1 brz-fw-lg-400 brz-fss-lg-px brz-fs-lg-30 brz-ft-google brz-ff-lexend_deca brz-tp-lg-empty brz-css-pf6c5\" data-generated-css=\"brz-css-eYvgc\" data-uniq-id=\"cuW12\">Kiwi<\/li>\n<li class=\"brz-fsft-lg-0 brz-fwdth-lg-100 brz-vfw-lg-400 brz-lh-lg-1_3 brz-ls-lg-m_1 brz-fw-lg-400 brz-fss-lg-px brz-fs-lg-30 brz-ft-google brz-ff-lexend_deca brz-tp-lg-empty brz-css-moz6a\" data-generated-css=\"brz-css-jQ7tm\" data-uniq-id=\"mNzp2\">Soja \/ edamame (sauce soja est OK)<\/li>\n<li class=\"brz-fsft-lg-0 brz-fwdth-lg-100 brz-vfw-lg-400 brz-lh-lg-1_3 brz-ls-lg-m_1 brz-fw-lg-400 brz-fss-lg-px brz-fs-lg-30 brz-ft-google brz-ff-lexend_deca brz-tp-lg-empty brz-css-zu1LQ\" data-generated-css=\"brz-css-jQ7tm\" data-uniq-id=\"mNzp2\">Lentilles<\/li>\n<\/ul>\n<\/div>\n<\/div>\n<\/div>\n<div id=\"\" class=\"brz-css-d-wrapper brz-css-12qxccz brz-wrapper\">\n<div class=\"brz-rich-text brz-rich-text__custom brz-css-d-richtext brz-css-16us2l8\" data-brz-custom-id=\"w7gZWOsfvuGb\">\n<div data-brz-translate-text=\"1\">\n<p class=\"brz-tp-lg-paragraph brz-css-hNm4O\" data-uniq-id=\"jkaVY\" data-generated-css=\"brz-css-bd0GA\"><\/p>\n<\/div>\n<\/div>\n<\/div>\n<\/div>\n<\/div>\n<\/div>\n<\/div>\n<div class=\"brz-row__container brz-css-d-row-row brz-css-feqbjg\" data-brz-custom-id=\"qF50HV7RgVsb\">\n<div class=\"brz-row brz-css-d-row-container brz-css-r-row-container brz-css-3fngn6\">\n<div class=\"brz-columns brz-css-d-column-column brz-css-b2dugu\" data-brz-custom-id=\"tOH5krgANOAL\">\n<div class=\"brz-column__items brz-css-d-column-bg brz-css-yt643s\">\n<div id=\"\" class=\"brz-css-d-wrapper brz-css-yronxo brz-wrapper\">\n<div class=\"brz-rich-text brz-rich-text__custom brz-css-d-richtext brz-css-m3ho6o\" data-brz-custom-id=\"l0y7V1giPVxs\">\n<div data-brz-translate-text=\"1\">\n<p class=\"brz-tp-lg-empty brz-ff-lexend_deca brz-ft-google brz-fs-lg-30 brz-fss-lg-px brz-fw-lg-400 brz-ls-lg-m_1 brz-lh-lg-1_3 brz-vfw-lg-400 brz-fwdth-lg-100 brz-fsft-lg-0 brz-css-gc_Cf\" data-uniq-id=\"xWMX0\" data-generated-css=\"brz-css-oqudF\">Je suis <span style=\"color: rgb(177, 169, 49);\">l\u00e9g\u00e8rement<\/span> allergique \u00e0 (cela signifie que je peux en manger occasionnellement, mais je pr\u00e9f\u00e8re \u00e9viter en raison des effets secondaires) :<\/p>\n<ul>\n<li class=\"brz-tp-lg-empty brz-ff-lexend_deca brz-ft-google brz-fs-lg-30 brz-fss-lg-px brz-fw-lg-400 brz-ls-lg-m_1 brz-lh-lg-1_3 brz-vfw-lg-400 brz-fwdth-lg-100 brz-fsft-lg-0 brz-css-eu0qP\" data-uniq-id=\"mjM8F\" data-generated-css=\"brz-css-pTvbb\">Fruits crus, tels que :<\/li>\n<\/ul>\n<p data-uniq-id=\"j2ozZ\" data-generated-css=\"brz-css-mq2B1\" class=\"brz-tp-lg-empty brz-ff-lexend_deca brz-ft-google brz-fs-lg-30 brz-fss-lg-px brz-fw-lg-400 brz-ls-lg-m_1 brz-lh-lg-1_3 brz-vfw-lg-400 brz-fwdth-lg-100 brz-fsft-lg-0 brz-css-usWDR\">pomme, poire, avocat, banane, etc.<\/p>\n<p class=\"brz-tp-lg-empty brz-ff-lexend_deca brz-ft-google brz-fs-lg-30 brz-fss-lg-px brz-fw-lg-400 brz-ls-lg-m_1 brz-lh-lg-1_3 brz-vfw-lg-400 brz-fwdth-lg-100 brz-fsft-lg-0 brz-css-zgU1U\" data-uniq-id=\"uGdmF\" data-generated-css=\"brz-css-t2lc3\"><\/p>\n<\/div>\n<\/div>\n<\/div>\n<\/div>\n<\/div>\n<\/div>\n<\/div>\n<\/div>\n<\/div>\n<\/section><\/div>\n<p><!-- version:1775320995 --><\/p>\n","protected":false},"excerpt":{"rendered":"<p>Je suis extr\u00eamement allergique \u00e0 (\u00e0 \u00e9viter \u00e0 tout moment \/ strictement) : Arachides (huile de s\u00e9same \/ frit dans l&#8217;huile d&#8217;arachide est OK) Crustac\u00e9s (crevettes, homard, etc.) Kiwi Soja \/ edamame (sauce soja est OK) Lentilles Je suis l\u00e9g\u00e8rement allergique \u00e0 (cela signifie que je peux en manger occasionnellement, mais je pr\u00e9f\u00e8re \u00e9viter en [&hellip;]<\/p>\n","protected":false},"author":1,"featured_media":0,"parent":0,"menu_order":0,"comment_status":"closed","ping_status":"closed","template":"brizy-blank-template.php","meta":{"footnotes":""},"class_list":["post-158","page","type-page","status-publish","hentry"],"brizy_media":[],"_links":{"self":[{"href":"https:\/\/omisallergies.com\/index.php?rest_route=\/wp\/v2\/pages\/158","targetHints":{"allow":["GET"]}}],"collection":[{"href":"https:\/\/omisallergies.com\/index.php?rest_route=\/wp\/v2\/pages"}],"about":[{"href":"https:\/\/omisallergies.com\/index.php?rest_route=\/wp\/v2\/types\/page"}],"author":[{"embeddable":true,"href":"https:\/\/omisallergies.com\/index.php?rest_route=\/wp\/v2\/users\/1"}],"replies":[{"embeddable":true,"href":"https:\/\/omisallergies.com\/index.php?rest_route=%2Fwp%2Fv2%2Fcomments&post=158"}],"version-history":[{"count":5,"href":"https:\/\/omisallergies.com\/index.php?rest_route=\/wp\/v2\/pages\/158\/revisions"}],"predecessor-version":[{"id":188,"href":"https:\/\/omisallergies.com\/index.php?rest_route=\/wp\/v2\/pages\/158\/revisions\/188"}],"wp:attachment":[{"href":"https:\/\/omisallergies.com\/index.php?rest_route=%2Fwp%2Fv2%2Fmedia&parent=158"}],"curies":[{"name":"wp","href":"https:\/\/api.w.org\/{rel}","templated":true}]}}